{"id":970,"date":"2022-12-28T13:28:31","date_gmt":"2022-12-28T13:28:31","guid":{"rendered":"http:\/\/secod.com\/?page_id=970"},"modified":"2024-02-12T08:53:02","modified_gmt":"2024-02-12T08:53:02","slug":"politica-de-cookies","status":"publish","type":"page","link":"https:\/\/secod.com\/en\/politica-de-cookies","title":{"rendered":"Pol\u00edtica de cookies"},"content":{"rendered":"<div class=\"fusion-fullwidth fullwidth-box fusion-builder-row-1 fusion-flex-container nonhundred-percent-fullwidth non-hundred-percent-height-scrolling\" style=\"--awb-border-radius-top-left:0px;--awb-border-radius-top-right:0px;--awb-border-radius-bottom-right:0px;--awb-border-radius-bottom-left:0px;\" ><div class=\"fusion-builder-row fusion-row fusion-flex-align-items-flex-start\" style=\"max-width:1216.8px;margin-left: calc(-4% \/ 2 );margin-right: calc(-4% \/ 2 );\"><div class=\"fusion-layout-column fusion_builder_column fusion-builder-column-0 fusion_builder_column_1_1 1_1 fusion-flex-column\" style=\"--awb-bg-size:cover;--awb-width-large:100%;--awb-margin-top-large:0px;--awb-spacing-right-large:1.92%;--awb-margin-bottom-large:0px;--awb-spacing-left-large:1.92%;--awb-width-medium:100%;--awb-spacing-right-medium:1.92%;--awb-spacing-left-medium:1.92%;--awb-width-small:100%;--awb-spacing-right-small:1.92%;--awb-spacing-left-small:1.92%;\"><div class=\"fusion-column-wrapper fusion-flex-justify-content-flex-start fusion-content-layout-column\"><div class=\"fusion-text fusion-text-1\"><h1><strong>Cookies and local storage policy<\/strong><\/h1>\n<p><!--<br \/><strong>\u00bfQu\u00e9 son las cookies?<\/strong><br \/>Esta Pol\u00edtica de cookies explica qu\u00e9 son las cookies y c\u00f3mo las usamos, los tipos de cookies que usamos, es decir, la informaci\u00f3n que recopilamos usando cookies y c\u00f3mo se usa esa informaci\u00f3n, y c\u00f3mo administrar la configuraci\u00f3n de cookies.<\/p>\n\n\n\n\n\n\n\n\n<p>Las cookies son peque\u00f1os archivos de texto que se utilizan para almacenar peque\u00f1os fragmentos de informaci\u00f3n. Se almacenan en su dispositivo cuando el sitio web se carga en su navegador. Estas cookies nos ayudan a hacer que el sitio web funcione correctamente, hacerlo m\u00e1s seguro, brindar una mejor experiencia de usuario y comprender c\u00f3mo funciona el sitio web y analizar qu\u00e9 funciona y d\u00f3nde necesita mejorar.<\/p>\n\n\n\n\n\n\n\n\n<p><strong>C\u00f3mo usamos las cookies?<\/strong><br \/>Como la mayor\u00eda de los servicios en l\u00ednea, nuestro sitio web utiliza cookies propias y de terceros para varios prop\u00f3sitos. Las cookies de origen son en su mayor\u00eda necesarias para que el sitio web funcione correctamente y no recopilan ninguno de sus datos de identificaci\u00f3n personal.<\/p>\n\n\n\n\n\n\n\n\n<p>Las cookies de terceros utilizadas en nuestro sitio web son principalmente para comprender c\u00f3mo funciona el sitio web, c\u00f3mo interact\u00faa con nuestro sitio web, mantener nuestros servicios seguros, proporcionar anuncios que son relevantes para usted y, en general, brindarle un usuario mejor y mejorado. experimentar y ayudar a acelerar sus futuras interacciones con nuestro sitio web.<\/p>\n\n\n\n\n\n\n\n\n<p><strong>Administrar preferencias de cookies<\/strong><br \/>Puede cambiar sus preferencias de cookies en cualquier momento haciendo clic en el bot\u00f3n de arriba. Esto le permitir\u00e1 volver a visitar el banner de consentimiento de cookies y cambiar sus preferencias o retirar su consentimiento de inmediato.<\/p>\n\n\n\n\n\n\n\n\n<p>Adem\u00e1s de esto, los diferentes navegadores brindan diferentes m\u00e9todos para bloquear y eliminar las cookies utilizadas por los sitios web. Puede cambiar la configuraci\u00f3n de su navegador para bloquear\/eliminar las cookies. A continuaci\u00f3n se enumeran los enlaces a los documentos de soporte sobre c\u00f3mo administrar y eliminar las cookies de los principales navegadores web.<\/p>\n\n\n\n\n\n\n\n\n<p><em>Chrome<\/em>: https:\/\/support.google.com\/accounts\/answer\/32050<\/p>\n\n\n\n\n\n\n\n\n<p><em>Safari<\/em>: https:\/\/support.apple.com\/en-in\/guide\/safari\/sfri11471\/mac<\/p>\n\n\n\n\n\n\n\n\n<p><em>Firefox<\/em>: https:\/\/support.mozilla.org\/en-US\/kb\/clear-cookies-and-site-data-firefox?redirectslug=delete-cookies-remove-info-websites-stored&redirectlocale=en-US<\/p>\n\n\n\n\n\n\n\n\n<p><em>Internet Explorer<\/em>: https:\/\/support.microsoft.com\/en-us\/topic\/how-to-delete-cookie-files-in-internet-explorer-bca9446f-d873-78de-77ba-d42645fa52fc<\/p>\n\n\n\n\n\n\n\n\n<p>Si est\u00e1 utilizando cualquier otro navegador web, visite los documentos de soporte oficiales de su navegador.--><br \/>This website uses cookies and similar technologies to provide its service, as well as to allow us to improve it through obtaining usage statistics, and other purposes.<br \/>Browsing this website necessarily implies the use of cookies and similar technologies as long as it is necessary for its operation. Likewise, for certain purposes, cookies and local storage will be subject to your prior consent. You can accept or reject cookies through the established configuration system, and it is also possible to configure the browser to prevent their use.<br \/>This policy is part of our privacy policy and includes the following:<br \/>\u2022 What are cookies?<br \/>\u2022 What are cookies used for?<br \/>\u2022 What do we understand by technologies similar to cookies?<br \/>\u2022 What are third party cookies? Who are the recipients of the information?<br \/>\u2022 What third-party functions and features do we use on our website?<br \/>\u2022 How long are cookies or similar technologies active?<br \/>\u2022 Use of browsers with private browsing mode<br \/>\u2022 How to prevent the use of cookies and how to delete cookies?<br \/>\u2022 Detailed information about the cookies used by this website<\/p>\n<p>\u00a0<\/p>\n<h2><strong>What are cookies?<\/strong><\/h2>\n<p>Cookies are small temporary files that are created on the user&#8217;s device (computer, phone, tablet, etc.) when visiting a website, and that allow it to store or retrieve information when browsing. This may be, for example, to save your usage preferences or to recognize you on subsequent visits, as well as obtain information about your browsing habits.<br \/>When a website creates a cookie on the user&#8217;s device, the address \/ domain of the website that created the cookie is stored, the duration of the cookie (as well as its content) can range from a few minutes to several years. The user can disable cookies at any time through the configuration system of this website, as well as configure their navigation program to prevent (block) the use of cookies by certain websites, as well as delete previously stored cookies.<\/p>\n<p>\u00a0<\/p>\n<h2><strong>What are cookies used for?<\/strong><\/h2>\n<p>The most common uses or purposes are:<br \/>\u2022 Essential technical cookies. They are used to manage the navigation flow within the web or to keep the user connected to it. When disabling them, it is possible that some section of the web does not work correctly.<br \/>\u2022 Customization cookies. Necessary to remember certain user preferences.<br \/>\u2022 Analytic cookies. They help us and third parties to collect information on the origin of users and their navigation within the web, to perform a statistical analysis in order to improve the structure and content.<br \/>\u2022 Advertising cookies. Used to manage the ads that appear on the web, decide the content or the frequency of the ads.<br \/>\u2022 Behavioural advertising cookies. They help to collect the user&#8217;s browsing habits to create a profile of their interests and to show them advertisements adapted to them.<br \/>\u2022 Cookies for social sharing. They are necessary to identify users in their social networks and thus allow them to share content.<\/p>\n<h2><strong>What do we understand by technologies similar to cookies?<\/strong><\/h2>\n<p>Technologies similar to cookies are any type of data storage and retrieval mechanism used on the user&#8217;s device to obtain information. The most common are:<br \/>\u2022 The local storage of the browser. Some websites use local storages called &#8220;sessionStorage&#8221; and &#8220;localStorage&#8221; as well as the database indexed in the browser, to store information;<br \/>\u2022 Local storage of browser add-ons, such as Local Flash storage (\u201cFlash Local Shared Objects\u201d) or the Silverlight local storage (\u201cIsolated Objects\u201d).<br \/>\u2022 The &#8220;web beacon&#8221; is a tracking feature that is inserted into a web page (or in an email) an image hosted on an Internet server so that, when the browser or email program connects to said server to download and view the image, the connection is registered. This allows knowing that the user has viewed the web page or the email. Sometimes this image is very small or transparent so that the user is not aware of its existence.<br \/>\u2022 Fingerprinting techniques that combine series of information retrieved from the browser or the device in order to distinguish a particular user during the successive visits to the websites.<\/p>\n<p>\u00a0<\/p>\n<h2><strong>What are third party cookies? Who are the recipients of the information?<\/strong><\/h2>\n<p>In relation to the type of cookies that we use in our services, we can differentiate depending on who manages them:<br \/>\u2022 First-party cookies: they are created and managed by our own websites or web domains, the information obtained being managed directly or indirectly by us based on our own purposes.<br \/>\u2022 Third party cookies: cookies that are created and managed from other websites that, although not completely under our control, provide functions and features that we have decided to include on our website, such as: interactive maps, videos and multimedia elements, buttons to share on social media, ads, etc. These cookies are under the control of the third party that provides the corresponding function.<\/p>\n<p>The vast majority of third-party functions involve the access to or collection of information (and the use of cookies) by the third party that provides the function, based on their own criteria and purposes, including the collection of browsing habits to show customized ads. The next section explains the third-party functions and features used on this website.<\/p>\n<p>\u00a0<\/p>\n<h2><strong>What third-party functions and features do we use on our website?<\/strong><\/h2>\n<p>Below is a summary table of the functions and features provided by third parties on our website that involve the use of cookies.<\/p>\n<table width=\"100%\">\n<tbody>\n<tr>\n<td width=\"142\"><strong>Website function or feature<\/strong><\/td>\n<td width=\"142\"><strong>Third party providing the function or feature<\/strong><\/td>\n<td width=\"140\"><strong>Involves international data transfer<\/strong><\/td>\n<td width=\"142\"><strong>Privacy policy and safeguards of the third party<\/strong><\/td>\n<\/tr>\n<tr>\n<td width=\"142\">__Secure-3PSIDCC<\/td>\n<td width=\"142\">Google, Inc<\/td>\n<td width=\"140\">Yes<\/td>\n<td width=\"142\">http:\/\/www.google.com\/intl\/es_es\/policies\/privacy\/<\/td>\n<\/tr>\n<tr>\n<td width=\"142\">__Secure-1PSIDCC<\/td>\n<td width=\"142\">Google, Inc<\/td>\n<td width=\"140\">Yes<\/td>\n<td width=\"142\">http:\/\/www.google.com\/intl\/es_es\/policies\/privacy\/<\/td>\n<\/tr>\n<tr>\n<td width=\"142\">SIDCC<\/td>\n<td width=\"142\">Google, Inc<\/td>\n<td width=\"140\">Yes<\/td>\n<td width=\"142\">http:\/\/www.google.com\/intl\/es_es\/policies\/privacy\/<\/td>\n<\/tr>\n<tr>\n<td width=\"142\">_GRECAPTCHA<\/td>\n<td width=\"142\">Google, Inc<\/td>\n<td width=\"140\">Yes<\/td>\n<td width=\"142\">http:\/\/www.google.com\/intl\/es_es\/policies\/privacy\/<\/td>\n<\/tr>\n<tr>\n<td width=\"142\">DV<\/td>\n<td width=\"142\">Google, Inc<\/td>\n<td width=\"140\">Yes<\/td>\n<td width=\"142\">http:\/\/www.google.com\/intl\/es_es\/policies\/privacy\/<\/td>\n<\/tr>\n<\/tbody>\n<\/table>\n<h2>\u00a0<\/h2>\n<h2><strong>How long are cookies or similar technologies active?<\/strong><\/h2>\n<p>Depending on their permanence or activity time, we can differentiate between:<br \/>\u2022 Temporary session cookies; they remain stored in the navigation equipment until the user leaves the web page. The browser deletes them at the end of the browsing session.<br \/>\u2022 Persistent cookies; they remain on the navigation device and the website reads them every time the user makes a new visit. These cookies are automatically deleted after a certain period of time, which can be short or very long.<br \/>This policy includes information on the duration of first-party cookies; For more information, see our privacy policy, as well as the information provided in the privacy policies of third-party web function providers.<br \/>Use of browsers with private browsing mode<br \/>If you wish to use this website with a greater degree of privacy and by limiting cookies being stored for long periods of time, we recommend that you use a web browser that includes a &#8220;private&#8221; browsing mode. You can obtain information about this possibility in the help pages of the most common browsers:<\/p>\n<table>\n<tbody>\n<tr>\n<td><strong>Web browser<\/strong><\/td>\n<td><strong>Name of \u201cprivate browsing\u201d option<\/strong><\/td>\n<td><strong>To get more information<\/strong><\/td>\n<\/tr>\n<tr>\n<td>\n<p>Internet Explorer 8 and later<\/p>\n<p>Microsoft Edge<\/p>\n<\/td>\n<td>InPrivate<\/td>\n<td>\n<p>https:\/\/support.microsoft.com\/en-us\/products\/internet-explorer (Explorer)<\/p>\n<p>https:\/\/support.microsoft.com\/en-us\/instantanswers\/34b9a3a6-68bc-510b-2a9e-833107495ee5\/browse-inprivate-in-microsoft-edge (Microsoft Edge)<\/p>\n<\/td>\n<\/tr>\n<tr>\n<td>Safari 2 and later<\/td>\n<td>Private browsing<\/td>\n<td>https:\/\/support.apple.com\/en-en\/HT203036<\/td>\n<\/tr>\n<tr>\n<td>Opera 10.5 and lager<\/td>\n<td>Private browsing<\/td>\n<td>http:\/\/help.opera.com\/Mac\/12.10\/en\/private.html<\/td>\n<\/tr>\n<tr>\n<td>FireFox 3.5 and later<\/td>\n<td>Private browsing<\/td>\n<td>https:\/\/support.mozilla.org\/en-US\/kb\/private-browsing-use-firefox-without-history<\/td>\n<\/tr>\n<tr>\n<td>Google Chrome 10 and later<\/td>\n<td>Incognito mode<\/td>\n<td>https:\/\/support.google.com\/chrome\/answer\/95464?hl=en<\/td>\n<\/tr>\n<\/tbody>\n<\/table>\n<h2>\u00a0<\/h2>\n<h2><strong>How do I block or delete the cookies?<\/strong><\/h2>\n<p>You can configure your preferences at any time through the cookie configuration system integrated into this website. With it it you can activate \/ deactivate the use of cookies for different purposes.<br \/>You can access the configuration system through the link at the bottom of the home page or by clicking here.<br \/>Most browsers allow you to globally disable cookies. Many browsers also allow you to delete the cookies associated with specific websites \/ domains. For this, the user must consult the help of their browser. Below are links to the help pages of the most common browsers to learn about the cookie settings in each one:<br \/>\u2022 Chrome: https:\/\/support.google.com\/chrome\/answer\/95647?hl=en<br \/>\u2022 Explorer: http:\/\/windows.microsoft.com\/en-us\/windows7\/block-enable-or-allow-cookies<br \/>\u2022 Microsoft Edge: https:\/\/privacy.microsoft.com\/en-US\/windows-10-microsoft-edge-and-privacy<br \/>\u2022 Firefox: http:\/\/support.mozilla.org\/en-US\/kb\/enable-and-disable-cookies-website-preferences<br \/>\u2022 Safari: https:\/\/support.apple.com\/kb\/PH17191?viewlocale=en_US&amp;locale=es_ES<br \/>\u2022 Safari for IOS: https:\/\/support.apple.com\/en-us\/HT201265<br \/>\u2022 Opera: http:\/\/www.opera.com\/help\/tutorials\/security\/cookies\/<br \/>To delete the data saved in the local storage of the browser the user can delete the browsing history.<br \/>For other browsers as well as for any clarification or question about the cookies on this website, you can contact us by email, writing to info@secod.com<br \/>Important notice: in case of blocking cookies, it is possible that certain services or features of the web will not work correctly.<br \/>Detailed information about the cookies used by this website<br \/>Information on first-party cookies:<\/p>\n<table width=\"100%\">\n<tbody>\n<tr>\n<td width=\"113\"><strong>Feature<\/strong><\/td>\n<td width=\"113\"><strong>Cookies technology<\/strong><\/td>\n<td width=\"113\"><strong>Website domain<\/strong><\/td>\n<td width=\"113\"><strong>How long information is stored<\/strong><\/td>\n<td width=\"113\"><strong>Purpose types<\/strong><\/td>\n<\/tr>\n<tr>\n<td width=\"113\">Save user&#8217;s language preferences<\/td>\n<td width=\"113\">wp-wpml_current_language<\/td>\n<td width=\"113\">www.secod.com<\/td>\n<td width=\"113\">1 day<\/td>\n<td width=\"113\">Essential technical cookies<\/td>\n<\/tr>\n<tr>\n<td width=\"113\">Cookies necessary to remember certain user preferences<\/td>\n<td width=\"113\">cookieyes-consent<\/td>\n<td width=\"113\">www.secod.com<\/td>\n<td width=\"113\">1 year<\/td>\n<td width=\"113\">\n<p>Essential technical cookies<\/p>\n<\/td>\n<\/tr>\n<\/tbody>\n<\/table>\n<p>Information on third-party cookies:<\/p>\n<table width=\"100%\">\n<tbody>\n<tr>\n<td width=\"113\"><strong>Feature (and third party providing the feature)<\/strong><\/td>\n<td width=\"113\"><strong>Cookies technology<\/strong><\/td>\n<td width=\"113\"><strong>Website domain<\/strong><\/td>\n<td width=\"85\"><strong>How long information is stored<\/strong><\/td>\n<td width=\"141\"><strong>Purpose types<\/strong><\/td>\n<\/tr>\n<tr>\n<td width=\"113\">Use of website options and services (Google, Inc.)<\/td>\n<td width=\"113\">\n<p>\u00a0(__Secure-3PSIDCC,<\/p>\n<p>__Secure-1-PSIDCC,<\/p>\n<p>DV)<\/p>\n<p>(Browser local storage)<\/p>\n<\/td>\n<td width=\"113\">www.google.es<\/td>\n<td width=\"85\">1 year<\/td>\n<td width=\"141\">Essential technical cookies<\/td>\n<\/tr>\n<tr>\n<td width=\"113\">Security cookie to facilitate the identification and security of web traffic.<\/td>\n<td width=\"113\">\n<p>SIDCC<\/p>\n<p>(Browser local storage)<\/p>\n<\/td>\n<td width=\"113\">www.google.es<\/td>\n<td width=\"85\">1 year<\/td>\n<td width=\"141\">Essential technical cookie<\/td>\n<\/tr>\n<tr>\n<td width=\"113\">Provide protection against spam<\/td>\n<td width=\"113\">\n<p>_Grecaptcha<\/p>\n<p>(Browser local storage)<\/p>\n<\/td>\n<td width=\"113\">www.google.es<\/td>\n<td width=\"85\">6 months<\/td>\n<td width=\"141\">Essential technical cookie<\/td>\n<\/tr>\n<tr>\n<td width=\"113\">To provide ad delivery or retargeting<\/td>\n<td width=\"113\">\n<p>DV<\/p>\n<p>(Browser local storage)<\/p>\n<\/td>\n<td width=\"113\">www.google.es<\/td>\n<td width=\"85\">1 day<\/td>\n<td width=\"141\">Advertising Cookie<\/td>\n<\/tr>\n<\/tbody>\n<\/table>\n<p>NOTE: the information provided is as of 01-02-2024 and we inform you that over time it may not be exhaustive, although this cookie policy is periodically revised.<\/p>\n<\/div><\/div><\/div><\/div><\/div>\n","protected":false},"excerpt":{"rendered":"","protected":false},"author":1,"featured_media":0,"parent":0,"menu_order":0,"comment_status":"closed","ping_status":"open","template":"","meta":[],"yoast_head":"<!-- This site is optimized with the Yoast SEO plugin v19.13 - https:\/\/yoast.com\/wordpress\/plugins\/seo\/ -->\n<title>Pol\u00edtica de cookies - Secod assessors<\/title>\n<meta name=\"robots\" content=\"index, follow, max-snippet:-1, max-image-preview:large, max-video-preview:-1\" \/>\n<link rel=\"canonical\" href=\"https:\/\/secod.com\/politica-de-cookies\" \/>\n<meta property=\"og:locale\" content=\"en_US\" \/>\n<meta property=\"og:type\" content=\"article\" \/>\n<meta property=\"og:title\" content=\"Pol\u00edtica de cookies - Secod assessors\" \/>\n<meta property=\"og:url\" content=\"https:\/\/secod.com\/politica-de-cookies\" \/>\n<meta property=\"og:site_name\" content=\"Secod assessors\" \/>\n<meta property=\"article:modified_time\" content=\"2024-02-12T08:53:02+00:00\" \/>\n<meta name=\"twitter:card\" content=\"summary_large_image\" \/>\n<meta name=\"twitter:label1\" content=\"Est. reading time\" \/>\n\t<meta name=\"twitter:data1\" content=\"9 minutes\" \/>\n<script type=\"application\/ld+json\" class=\"yoast-schema-graph\">{\"@context\":\"https:\/\/schema.org\",\"@graph\":[{\"@type\":\"WebPage\",\"@id\":\"https:\/\/secod.com\/politica-de-cookies\",\"url\":\"https:\/\/secod.com\/politica-de-cookies\",\"name\":\"Pol\u00edtica de cookies - Secod assessors\",\"isPartOf\":{\"@id\":\"https:\/\/secod.com\/#website\"},\"datePublished\":\"2022-12-28T13:28:31+00:00\",\"dateModified\":\"2024-02-12T08:53:02+00:00\",\"breadcrumb\":{\"@id\":\"https:\/\/secod.com\/politica-de-cookies#breadcrumb\"},\"inLanguage\":\"en-US\",\"potentialAction\":[{\"@type\":\"ReadAction\",\"target\":[\"https:\/\/secod.com\/politica-de-cookies\"]}]},{\"@type\":\"BreadcrumbList\",\"@id\":\"https:\/\/secod.com\/politica-de-cookies#breadcrumb\",\"itemListElement\":[{\"@type\":\"ListItem\",\"position\":1,\"name\":\"Portada\",\"item\":\"https:\/\/secod.com\/en\"},{\"@type\":\"ListItem\",\"position\":2,\"name\":\"Pol\u00edtica de cookies\"}]},{\"@type\":\"WebSite\",\"@id\":\"https:\/\/secod.com\/#website\",\"url\":\"https:\/\/secod.com\/\",\"name\":\"Secod assessors\",\"description\":\"\",\"potentialAction\":[{\"@type\":\"SearchAction\",\"target\":{\"@type\":\"EntryPoint\",\"urlTemplate\":\"https:\/\/secod.com\/?s={search_term_string}\"},\"query-input\":\"required name=search_term_string\"}],\"inLanguage\":\"en-US\"}]}<\/script>\n<!-- \/ Yoast SEO plugin. -->","yoast_head_json":{"title":"Pol\u00edtica de cookies - Secod assessors","robots":{"index":"index","follow":"follow","max-snippet":"max-snippet:-1","max-image-preview":"max-image-preview:large","max-video-preview":"max-video-preview:-1"},"canonical":"https:\/\/secod.com\/politica-de-cookies","og_locale":"en_US","og_type":"article","og_title":"Pol\u00edtica de cookies - Secod assessors","og_url":"https:\/\/secod.com\/politica-de-cookies","og_site_name":"Secod assessors","article_modified_time":"2024-02-12T08:53:02+00:00","twitter_card":"summary_large_image","twitter_misc":{"Est. reading time":"9 minutes"},"schema":{"@context":"https:\/\/schema.org","@graph":[{"@type":"WebPage","@id":"https:\/\/secod.com\/politica-de-cookies","url":"https:\/\/secod.com\/politica-de-cookies","name":"Pol\u00edtica de cookies - Secod assessors","isPartOf":{"@id":"https:\/\/secod.com\/#website"},"datePublished":"2022-12-28T13:28:31+00:00","dateModified":"2024-02-12T08:53:02+00:00","breadcrumb":{"@id":"https:\/\/secod.com\/politica-de-cookies#breadcrumb"},"inLanguage":"en-US","potentialAction":[{"@type":"ReadAction","target":["https:\/\/secod.com\/politica-de-cookies"]}]},{"@type":"BreadcrumbList","@id":"https:\/\/secod.com\/politica-de-cookies#breadcrumb","itemListElement":[{"@type":"ListItem","position":1,"name":"Portada","item":"https:\/\/secod.com\/en"},{"@type":"ListItem","position":2,"name":"Pol\u00edtica de cookies"}]},{"@type":"WebSite","@id":"https:\/\/secod.com\/#website","url":"https:\/\/secod.com\/","name":"Secod assessors","description":"","potentialAction":[{"@type":"SearchAction","target":{"@type":"EntryPoint","urlTemplate":"https:\/\/secod.com\/?s={search_term_string}"},"query-input":"required name=search_term_string"}],"inLanguage":"en-US"}]}},"_links":{"self":[{"href":"https:\/\/secod.com\/en\/wp-json\/wp\/v2\/pages\/970"}],"collection":[{"href":"https:\/\/secod.com\/en\/wp-json\/wp\/v2\/pages"}],"about":[{"href":"https:\/\/secod.com\/en\/wp-json\/wp\/v2\/types\/page"}],"author":[{"embeddable":true,"href":"https:\/\/secod.com\/en\/wp-json\/wp\/v2\/users\/1"}],"replies":[{"embeddable":true,"href":"https:\/\/secod.com\/en\/wp-json\/wp\/v2\/comments?post=970"}],"version-history":[{"count":9,"href":"https:\/\/secod.com\/en\/wp-json\/wp\/v2\/pages\/970\/revisions"}],"predecessor-version":[{"id":1291,"href":"https:\/\/secod.com\/en\/wp-json\/wp\/v2\/pages\/970\/revisions\/1291"}],"wp:attachment":[{"href":"https:\/\/secod.com\/en\/wp-json\/wp\/v2\/media?parent=970"}],"curies":[{"name":"wp","href":"https:\/\/api.w.org\/{rel}","templated":true}]}}