{"id":954,"date":"2022-12-28T13:14:46","date_gmt":"2022-12-28T13:14:46","guid":{"rendered":"http:\/\/secod.com\/?page_id=954"},"modified":"2024-02-13T09:22:23","modified_gmt":"2024-02-13T09:22:23","slug":"aviso-legal","status":"publish","type":"page","link":"https:\/\/secod.com\/en\/aviso-legal","title":{"rendered":"Aviso Legal"},"content":{"rendered":"<div class=\"fusion-fullwidth fullwidth-box fusion-builder-row-1 fusion-flex-container nonhundred-percent-fullwidth non-hundred-percent-height-scrolling\" style=\"--awb-border-radius-top-left:0px;--awb-border-radius-top-right:0px;--awb-border-radius-bottom-right:0px;--awb-border-radius-bottom-left:0px;\" ><div class=\"fusion-builder-row fusion-row fusion-flex-align-items-flex-start\" style=\"max-width:1216.8px;margin-left: calc(-4% \/ 2 );margin-right: calc(-4% \/ 2 );\"><div class=\"fusion-layout-column fusion_builder_column fusion-builder-column-0 fusion_builder_column_1_1 1_1 fusion-flex-column\" style=\"--awb-bg-size:cover;--awb-width-large:100%;--awb-margin-top-large:0px;--awb-spacing-right-large:1.92%;--awb-margin-bottom-large:0px;--awb-spacing-left-large:1.92%;--awb-width-medium:100%;--awb-spacing-right-medium:1.92%;--awb-spacing-left-medium:1.92%;--awb-width-small:100%;--awb-spacing-right-small:1.92%;--awb-spacing-left-small:1.92%;\"><div class=\"fusion-column-wrapper fusion-flex-justify-content-flex-start fusion-content-layout-column\"><div class=\"fusion-text fusion-text-1\"><h1><strong>Legal Notice<\/strong><\/h1>\n<p><!--<br \/>En este espacio, el usuario, podr\u00e1 encontrar toda la informaci\u00f3n relativa a los t\u00e9rminos y condiciones legales que definen las relaciones entre los usuarios y nosotros como responsables de esta web. Como usuario, es importante que conozcas estos t\u00e9rminos antes de continuar tu navegaci\u00f3n.<\/p>\n\n\n\n\n\n\n\n\n<p>SeCod (Sede\u00f1o Fuente Asesores, S.L.) como responsable de esta web, asume el compromiso de procesar la informaci\u00f3n de nuestros usuarios y clientes con plenas garant\u00edas y cumplir con los requisitos nacionales y europeos que regulan la recopilaci\u00f3n y uso de los datos personales de nuestros usuarios.<br \/>Esta web, por tanto, cumple rigurosamente con La Ley Org\u00e1nica 15\/1999, de 13 de diciembre, de Protecci\u00f3n de Datos de Car\u00e1cter Personal (LOPD), y con el Real Decreto 1720\/2007, de 21 de diciembre, conocido como el Reglamento de desarrollo de la LOPD. Cumple tambi\u00e9n con el Reglamento (UE) 2016\/679 del Parlamento Europeo y del Consejo de 27 de abril de 2016 relativo a la protecci\u00f3n de las personas f\u00edsicas (RGPD), as\u00ed como con la Ley 34\/2002, de 11 de julio, de Servicios de la Sociedad de la Informaci\u00f3n y Comercio Electr\u00f3nico (LSSICE \u00f3 LSSI).<\/p>\n\n\n\n\n\n\n\n\n<p><strong>DATOS DEL RESPONSABLE<\/strong><\/p>\n\n\n\n\n\n\n\n\n<p><strong>\u2013 Identidad del Responsable:<\/strong> Sede\u00f1o Fuente Asesores, S.L.<\/p>\n\n\n\n\n\n\n\n\n<p><strong>\u2013 Nombre comercial:<\/strong> SeCod<\/p>\n\n\n\n\n\n\n\n\n<p><strong>\u2013 NIF\/CIF:<\/strong> B61195509<\/p>\n\n\n\n\n\n\n\n\n<p><strong>\u2013 Direcci\u00f3n:<\/strong> Avinguda Diagonal 361. 08037 Barcelona (BARCELONA)<\/p>\n\n\n\n\n\n\n\n\n<p><strong>\u2013 Correo electr\u00f3nico:<\/strong> <a href=\"mailto:info@secod.com\">info@secod.com<\/a><\/p>\n\n\n\n\n\n\n\n\n<p><strong>CONDICIONES GENERALES DE USO<\/strong><\/p>\n\n\n\n\n\n\n\n\n<p>Las presentes Condiciones Generales regulan el uso (incluyendo el mero acceso) de las p\u00e1ginas de la web, integrantes del sitio web de SeCod incluidos los contenidos y servicios puestos a disposici\u00f3n en ellas. Toda persona que acceda a la web, secod.com (\u201c<strong>Usuario<\/strong>\u201d) acepta someterse a las Condiciones Generales vigentes en cada momento del portal secod.com.<\/p>\n\n\n\n\n\n\n\n\n<p><strong>DATOS PERSONALES QUE RECABAMOS Y C\u00d3MO LO HACEMOS<\/strong><\/p>\n\n\n\n\n\n\n\n\n<p>Leer <a href=\"https:\/\/secod.com\/en\/politica-de-privacidad\" target=\"_blank\" rel=\"noopener\">Pol\u00edtica de Privacidad<\/a><\/p>\n\n\n\n\n\n\n\n\n<p><strong>COMPROMISOS Y OBLIGACIONES DE LOS USUARIOS<\/strong><\/p>\n\n\n\n\n\n\n\n\n<p>El usuario queda informado, y acepta, que el acceso a la presente web no supone, en modo alguno, el inicio de una relaci\u00f3n comercial con SeCod. De esta forma, el usuario se compromete a utilizar el sitio Web, sus servicios y contenidos sin contravenir la legislaci\u00f3n vigente, la buena fe y el orden p\u00fablico.<\/p>\n\n\n\n\n\n\n\n\n<p>Queda prohibido el uso de la web, con fines il\u00edcitos o lesivos, o que, de cualquier forma, puedan causar perjuicio o impedir el normal funcionamiento del sitio web. Respecto de los contenidos de esta web, se proh\u00edbe:<\/p>\n\n\n\n\n\n\n\n\n<ul>\n\n\n\n\n<li>Su reproducci\u00f3n, distribuci\u00f3n o modificaci\u00f3n, total o parcial, a menos que se cuente con mi autorizaci\u00f3n como leg\u00edtimo titular;<\/li>\n\n\n\n\n<\/ul>\n\n\n\n\n\n\n\n\n<ul>\n\n\n\n\n<li>Cualquier vulneraci\u00f3n de los derechos del prestador o de mi como leg\u00edtimo titular;<\/li>\n\n\n\n\n\n\n\n\n<li>Su utilizaci\u00f3n para fines comerciales o publicitarios.<\/li>\n\n\n\n\n<\/ul>\n\n\n\n\n\n\n\n\n<p>En la utilizaci\u00f3n de la web, secod.com, el usuario se compromete a no llevar a cabo <strong>ninguna conducta<\/strong> que pudiera da\u00f1ar la imagen, los intereses y los derechos de SeCod o de terceros o que pudiera da\u00f1ar, inutilizar o sobrecargar el portal secod.com o que impidiera, de cualquier forma, la normal utilizaci\u00f3n de la web.<\/p>\n\n\n\n\n\n\n\n\n<p>No obstante, el Usuario debe ser consciente de que las medidas de seguridad de los sistemas inform\u00e1ticos en Internet no son enteramente fiables y que, por tanto secod.com no puede garantizar la inexistencia de virus u otros elementos que puedan producir alteraciones en los sistemas inform\u00e1ticos (software y hardware) del usuario o en sus documentos electr\u00f3nicos y ficheros contenidos en los mismos.<\/p>\n\n\n\n\n\n\n\n\n<p><strong>ANUNCIOS PATROCINADOS, ENLACES DE AFILIADOS Y PUBLICIDAD <\/strong><\/p>\n\n\n\n\n\n\n\n\n<p>Esta web ofrece a los usuarios contenidos patrocinados y anuncios.<\/p>\n\n\n\n\n\n\n\n\n<p>Los anuncios permanecer\u00e1n publicados en el portal hasta que sean eliminados o suspendidos por parte del anunciante o de SeCod. SeCod no ser\u00e1 responsable de que, una vez dados de baja en sus bases de datos, los anuncios contin\u00faen siendo indexados en buscadores ajenos a este portal.<\/p>\n\n\n\n\n\n\n\n\n<p>Cualquier relaci\u00f3n contractual o extracontractual que el usuario formalice con los anunciantes o terceras personas contactadas a trav\u00e9s de este portal se entienden realizados \u00fanica y exclusivamente entre el usuario y el anunciante y\/o la tercera persona. El usuario sabe y acepta que SeCod \u00fanicamente act\u00faa como cauce o medio publicitario y que, por tanto, no tiene ning\u00fan tipo de responsabilidad sobre los da\u00f1os o perjuicios de cualquier naturaleza ocasionados con motivo de sus negociaciones, conversaciones y\/o relaciones contractuales o extracontractuales con los anunciantes o terceras personas f\u00edsicas o jur\u00eddicas contactadas a trav\u00e9s de este portal.<\/p>\n\n\n\n\n\n\n\n\n<p><strong>MEDIDAS DE SEGURIDAD<\/strong><\/p>\n\n\n\n\n\n\n\n\n<p>Los datos personales comunicados por el usuario a secod.com pueden ser almacenados en bases de datos automatizadas o no, cuya titularidad corresponde en exclusiva a SeCod, asumiendo \u00e9sta todas las medidas de \u00edndole t\u00e9cnica, organizativa y de seguridad que garantizan la confidencialidad, integridad y calidad de la informaci\u00f3n contenida en las mismas de acuerdo con lo establecido en la normativa vigente en protecci\u00f3n de datos.<\/p>\n\n\n\n\n\n\n\n\n<p>La comunicaci\u00f3n entre los usuarios y SeCod utiliza un canal seguro, y los datos transmitidos son cifrados gracias a protocolos a https, por tanto, garantizamos las mejores condiciones de seguridad para que la confidencialidad de los usuarios est\u00e9 garantizada.<\/p>\n\n\n\n\n\n\n\n\n<p><strong>PLATAFORMA DE RESOLUCI\u00d3N DE CONFLICTOS<\/strong><\/p>\n\n\n\n\n\n\n\n\n<p>Por si puede ser de tu inter\u00e9s, para someter tus reclamaciones puedes utilizar tambi\u00e9n la plataforma de resoluci\u00f3n de litigios que facilita la Comisi\u00f3n Europea y que se encuentra disponible en el siguiente enlace:<a href=\"http:\/\/ec.europa.eu\/consumers\/odr\/\"> http:\/\/ec.europa.eu\/consumers\/odr\/<\/a><\/p>\n\n\n\n\n\n\n\n\n<p><strong>DERECHOS DE PROPIEDAD INTELECTUAL E INDUSTRIAL<\/strong><\/p>\n\n\n\n\n\n\n\n\n<p>En virtud de lo dispuesto en los art\u00edculos 8 y 32.1, p\u00e1rrafo segundo, de la Ley de Propiedad Intelectual, quedan expresamente prohibidas la reproducci\u00f3n, la distribuci\u00f3n y la comunicaci\u00f3n p\u00fablica, incluida su modalidad de puesta a disposici\u00f3n, de la totalidad o parte de los contenidos de esta p\u00e1gina web, con fines comerciales, en cualquier soporte y por cualquier medio t\u00e9cnico, sin la autorizaci\u00f3n de SeCod. El usuario se compromete a respetar los derechos de Propiedad Intelectual e Industrial titularidad de SeCod.<\/p>\n\n\n\n\n\n\n\n\n<p>El usuario conoce y acepta que la totalidad del sitio web, conteniendo sin car\u00e1cter exhaustivo el texto, software, contenidos (incluyendo estructura, selecci\u00f3n, ordenaci\u00f3n y presentaci\u00f3n de los mismos) podcast, fotograf\u00edas, material audiovisual y gr\u00e1ficos, est\u00e1 protegida por marcas, derechos de autor y otros derechos leg\u00edtimos, de acuerdo con los tratados internacionales en los que Espa\u00f1a es parte y otros derechos de propiedad y leyes de Espa\u00f1a.<\/p>\n\n\n\n\n\n\n\n\n<p>En el caso de que un usuario o un tercero consideren que se ha producido una violaci\u00f3n de sus leg\u00edtimos derechos de propiedad intelectual por la introducci\u00f3n de un determinado contenido en la web, deber\u00e1 notificar dicha circunstancia a SeCod indicando:<\/p>\n\n\n\n\n\n\n\n\n<ul>\n\n\n\n\n<li>Datos personales del interesado titular de los derechos presuntamente infringidos, o indicar la representaci\u00f3n con la que act\u00faa en caso de que la reclamaci\u00f3n la presente un tercero distinto del interesado.<\/li>\n\n\n\n\n\n\n\n\n<li>Se\u00f1alar los contenidos protegidos por los derechos de propiedad intelectual y su ubicaci\u00f3n en la web, la acreditaci\u00f3n de los derechos de propiedad intelectual se\u00f1alados y declaraci\u00f3n expresa en la que el interesado se responsabiliza de la veracidad de las informaciones facilitadas en la notificaci\u00f3n.<\/li>\n\n\n\n\n<\/ul>\n\n\n\n\n\n\n\n\n<p><strong>ENLACES EXTERNOS<\/strong><\/p>\n\n\n\n\n\n\n\n\n<p>Las p\u00e1ginas de la web secod.com, proporciona enlaces a otros sitios web propios y contenidos que son propiedad de terceros tales como:<\/p>\n\n\n\n\n\n\n\n\n<ul>\n\n\n\n\n<li>Herramientas<\/li>\n\n\n\n\n\n\n\n\n<li>Recursos<\/li>\n\n\n\n\n\n\n\n\n<li>Contenido de otros blogs<\/li>\n\n\n\n\n<\/ul>\n\n\n\n\n\n\n\n\n<p>El \u00fanico objeto de los enlaces es proporcionar al Usuario la posibilidad de acceder a dichos enlaces.<\/p>\n\n\n\n\n\n\n\n\n<p>SeCod no se responsabiliza en ning\u00fan caso de los resultados que puedan derivarse al usuario por acceso a dichos enlaces.<\/p>\n\n\n\n\n\n\n\n\n<p>Asimismo, el usuario encontrar\u00e1 dentro de este sitio, p\u00e1ginas, promociones, programas de afiliados que acceden a los h\u00e1bitos de navegaci\u00f3n de los usuarios para establecer perfiles. Esta informaci\u00f3n siempre es an\u00f3nima y no se identifica al usuario.<\/p>\n\n\n\n\n\n\n\n\n<p>La Informaci\u00f3n que se proporcione en estos Sitios patrocinado o enlaces de afiliados est\u00e1 sujeta a las pol\u00edticas de privacidad que se utilicen en dichos Sitios y no estar\u00e1 sujeta a esta pol\u00edtica de privacidad. Por lo que recomendamos ampliamente a los Usuarios a revisar detalladamente las pol\u00edticas de privacidad de los enlaces de afiliado.<\/p>\n\n\n\n\n\n\n\n\n<p>El usuario que se proponga establecer cualquier dispositivo t\u00e9cnico de enlace desde su sitio web al portal secod.com deber\u00e1 obtener la autorizaci\u00f3n previa y escrita de SeCod. El establecimiento del enlace no implica en ning\u00fan caso la existencia de relaciones entre SeCod y el propietario del sitio en el que se establezca el enlace, ni la aceptaci\u00f3n o aprobaci\u00f3n por parte de SeCod de sus contenidos o servicios<\/p>\n\n\n\n\n\n\n\n\n<p><strong>POL\u00cdTICA DE COMENTARIOS<\/strong><\/p>\n\n\n\n\n\n\n\n\n<p>En nuestra web se permiten realizar comentarios para enriquecer los contenidos y realizar consultas.<\/p>\n\n\n\n\n\n\n\n\n<p>No se admitir\u00e1n comentarios que no est\u00e9n relacionados con la tem\u00e1tica de esta web, que incluyan difamaciones, agravios, insultos, ataques personales o faltas de respeto en general hacia el autor o hacia otros miembros.<\/p>\n\n\n\n\n\n\n\n\n<p>Tambi\u00e9n ser\u00e1n suprimidos los comentarios que contengan informaci\u00f3n que sea obviamente enga\u00f1osa o falsa, as\u00ed como los comentarios que contengan informaci\u00f3n personal, como, por ejemplo, domicilios privado o tel\u00e9fonos y que vulneren nuestra pol\u00edtica de protecci\u00f3n de datos.<\/p>\n\n\n\n\n\n\n\n\n<p>Se desestimar\u00e1, igualmente, aquellos comentarios creados s\u00f3lo con fines promocionales de una web, persona o colectivo y todo lo que pueda ser considerado spam en general.<\/p>\n\n\n\n\n\n\n\n\n<p><strong>EXCLUSI\u00d3N DE GARANT\u00cdAS Y RESPONSABILIDADES<\/strong><\/p>\n\n\n\n\n\n\n\n\n<p>El Prestador no otorga ninguna garant\u00eda ni se hace responsable, en ning\u00fan caso, de los da\u00f1os y perjuicios de cualquier naturaleza que pudieran traer causa de:<\/p>\n\n\n\n\n\n\n\n\n<ul>\n\n\n\n\n<li>La falta de disponibilidad, mantenimiento y efectivo funcionamiento de la web, o de sus servicios y contenidos;<\/li>\n\n\n\n\n\n\n\n\n<li>La existencia de virus, programas maliciosos o lesivos en los contenidos;<\/li>\n\n\n\n\n\n\n\n\n<li>El uso il\u00edcito, negligente, fraudulento o contrario a este Aviso Legal;<\/li>\n\n\n\n\n\n\n\n\n<li>La falta de licitud, calidad, fiabilidad, utilidad y disponibilidad de los servicios prestados por terceros y puestos a disposici\u00f3n de los usuarios en el sitio web.<\/li>\n\n\n\n\n\n\n\n\n<li>El prestador no se hace responsable bajo ning\u00fan concepto de los da\u00f1os que pudieran dimanar del uso ilegal o indebido de la presente p\u00e1gina web.<\/li>\n\n\n\n\n<\/ul>\n\n\n\n\n\n\n\n\n<p><strong>LEY APLICABLE Y JURISDICCI\u00d3N<\/strong><\/p>\n\n\n\n\n\n\n\n\n<p>Con car\u00e1cter general las relaciones entre SeCod con los usuarios de sus servicios telem\u00e1ticos, presentes en esta web se encuentran sometidas a la legislaci\u00f3n y jurisdicci\u00f3n espa\u00f1olas y a los tribunales de Barcelona.<\/p>\n\n\n\n\n\n\n\n\n<p><strong>CONTACTO<\/strong><\/p>\n\n\n\n\n\n\n\n\n<p>En caso de que cualquier usuario tuviese alguna duda acerca de estas Condiciones legales o cualquier comentario sobre el portal secod.com, por favor dir\u00edjase a info@secod.com<\/p>\n\n\n\n\n\n\n\n\n<p>Documento revisado el 28 de diciembre del 2022.--><\/p>\n<h2><strong>Owner and contact information<\/strong><\/h2>\n<p>www.secod.com is a Internet domain owned by SEDE\u00d1O FUENTE ASESORES SL (hereafter referred to as SECOD) with CIF\/NIF B61195509 and is located at AV DIAGONAL 361 PRINCIPAL 1\u00aa 08037 BARCELONA (BARCELONA), in Registro Mercantile de Barcelona, Volume 29320, folio 62, page B-156747.<\/p>\n<p>The purpose of the website is detallar sus servicios de asesor\u00eda y administraci\u00f3n.<\/p>\n<p>Contact information:<\/p>\n<ul>\n<li>By phone, number 932081188.<\/li>\n<li>By e-mail, info@secod.com.<\/li>\n<li>By post, SECOD, AV DIAGONAL 361 PRINCIPAL 1\u00aa 08037 BARCELONA (BARCELONA), Spain.<\/li>\n<\/ul>\n<p>If you have any questions do not hesitate to contact with SECOD.<\/p>\n<h2><strong>Terms and conditions<\/strong><\/h2>\n<p>The present conditions govern the use of this website by the clients of SECOD and by any other users. By using this site, the user agrees be bound by these terms and conditions.<\/p>\n<p>SECOD reserves the right at any time to modify these terms and conditions, as well as the website contents.<\/p>\n<h2><strong>Limitation of liability<\/strong><\/h2>\n<p>The purpose of this website is exclusively informative. SECOD rejects any liability for information not produced by, or published on, its behalf in a manner not authorized by it, and any liability arising from the misuse by third parties of the contents.<\/p>\n<p>The user exonerates SECOD from any liability that may arise from interruptions in the availability of the website, caused by malfunctioning of the web server or applications, communications infrastructures, or navigation software and hardware.<\/p>\n<p>In the case links to other web pages, SECOD declines any liability related to the access and use of such links.<\/p>\n<h2><strong>Intellectual and industrial property<\/strong><\/h2>\n<p>The whole of this website is protected by the laws on Intellectual and Industrial property. Unless otherwise indicated, the intellectual property rights over these contents correspond exclusively to SECOD. The user acknowledges that the use of the contents is strictly limited to the user&#8217;s personal purposes and that the reproduction, distribution, communication or transformation not expressly authorized of such works constitutes an infringement of intellectual property rights.<\/p>\n<p>In addition, the user shall refrain from using the content and, in particular, information of any kind obtained through the web to send advertising, communications for direct sale or for any other commercial purpose, and unsolicited messages addressed to a plurality of people regardless of their purpose. It will also refrain from marketing or otherwise disclosing such information.<\/p>\n<p>www.secod.com is owned by SECOD. It may not be used without prior authorization with services or products that do not belong to SECOD or in any way that brings confusion or discreditation of SECOD.<\/p>\n<h2><strong>Policy to link to this website<\/strong><\/h2>\n<p>If any user, entity or website wishes to establish any type of link to this website, it must request prior authorization from SECOD in writing, to carry out the link.<\/p>\n<p>In addition, It is only allowed to link to the home page of the website. The link must be absolute and complete. That is, it must take the user to the SECOD address (url), completely covering the screen extension of the page containing the link. It is forbidden without prior and written authorization to reproduce any part of SECOD, or include it within another website or within any of its frames.<\/p>\n<p>No false, inaccurate, or incorrect information will be included about the pages of this website or the services offered on it.<\/p>\n<p>The link will not contain any brand, label, emblem, commercial name, trademark, slogan or any other d distinguishing signs belonging to SECOD<\/p>\n<p>Under no circumstances will SECOD be responsible for the content or services made available to the public on the website from which the hyperlink is made, or from the information or statements included therein.<\/p>\n<h2><strong>Personal data protection<\/strong><\/h2>\n<p>The use of this website and any of its forms requires the acceptance of the processing of user data, being SEDE\u00d1O FUENTE ASESORES SL the data controller, for purposes that include: the provision of the website, the collection of access data, and the the delivery of commercial communications by electronic means in certain cases.<\/p>\n<p>Read the <a href=\"https:\/\/secod.com\/en\/politica-de-privacidad\"><u>privacy policy <\/u><\/a>\u00a0 carefully for additional and detailed nformation, including how we use user data and how to exercise the rights of access, rectification, erasure, objection, and other data protection rights.<\/p>\n<h2><strong>Cookies<\/strong><\/h2>\n<p>This website uses first and third-party cookies for several purposes including analytics and targeted advertising. The mere use of this website with the cookies enabled in the user&#8217;s web browser implies the acceptance of their use in conformity with our <a href=\"https:\/\/secod.com\/en\/politica-de-cookies\"><u>cookies policy <\/u><\/a>.<\/p>\n<p>Please read our cookies carefully policy to find out how cookies are used, how to reject them, and how to delete them in the web browser.<\/p>\n<h2><strong>Spanish version prevails.<\/strong><\/h2>\n<p>In case this legal notice is translated into other languages, in the event of any conflict between the Spanish and other language versions, the Spanish version shall prevail.<\/p>\n<h2><strong>Legislation and applicable Jurisdiction:<\/strong><\/h2>\n<p>The present Legal Notice as well as the relations between SECOD and users, will be ruled by the Spanish in force regulation and any controversy will surrender to the Jurisdiction and Constitutionals of BARCELONA. With the exemption of consumers and users that will apply the courts of the consumer\u2019s or user&#8217;s domicile.<\/p>\n<p>\u00a9 SECOD<\/p>\n<\/div><\/div><\/div><\/div><\/div>\n","protected":false},"excerpt":{"rendered":"","protected":false},"author":1,"featured_media":0,"parent":0,"menu_order":0,"comment_status":"closed","ping_status":"open","template":"","meta":[],"yoast_head":"<!-- This site is optimized with the Yoast SEO plugin v19.13 - https:\/\/yoast.com\/wordpress\/plugins\/seo\/ -->\n<title>Aviso Legal - Secod assessors<\/title>\n<meta name=\"robots\" content=\"index, follow, max-snippet:-1, max-image-preview:large, max-video-preview:-1\" \/>\n<link rel=\"canonical\" href=\"https:\/\/secod.com\/aviso-legal\" \/>\n<meta property=\"og:locale\" content=\"en_US\" \/>\n<meta property=\"og:type\" content=\"article\" \/>\n<meta property=\"og:title\" content=\"Aviso Legal - Secod assessors\" \/>\n<meta property=\"og:url\" content=\"https:\/\/secod.com\/aviso-legal\" \/>\n<meta property=\"og:site_name\" content=\"Secod assessors\" \/>\n<meta property=\"article:modified_time\" content=\"2024-02-13T09:22:23+00:00\" \/>\n<meta name=\"twitter:card\" content=\"summary_large_image\" \/>\n<meta name=\"twitter:label1\" content=\"Est. reading time\" \/>\n\t<meta name=\"twitter:data1\" content=\"5 minutes\" \/>\n<script type=\"application\/ld+json\" class=\"yoast-schema-graph\">{\"@context\":\"https:\/\/schema.org\",\"@graph\":[{\"@type\":\"WebPage\",\"@id\":\"https:\/\/secod.com\/aviso-legal\",\"url\":\"https:\/\/secod.com\/aviso-legal\",\"name\":\"Aviso Legal - Secod assessors\",\"isPartOf\":{\"@id\":\"https:\/\/secod.com\/#website\"},\"datePublished\":\"2022-12-28T13:14:46+00:00\",\"dateModified\":\"2024-02-13T09:22:23+00:00\",\"breadcrumb\":{\"@id\":\"https:\/\/secod.com\/aviso-legal#breadcrumb\"},\"inLanguage\":\"en-US\",\"potentialAction\":[{\"@type\":\"ReadAction\",\"target\":[\"https:\/\/secod.com\/aviso-legal\"]}]},{\"@type\":\"BreadcrumbList\",\"@id\":\"https:\/\/secod.com\/aviso-legal#breadcrumb\",\"itemListElement\":[{\"@type\":\"ListItem\",\"position\":1,\"name\":\"Portada\",\"item\":\"https:\/\/secod.com\/en\"},{\"@type\":\"ListItem\",\"position\":2,\"name\":\"Aviso Legal\"}]},{\"@type\":\"WebSite\",\"@id\":\"https:\/\/secod.com\/#website\",\"url\":\"https:\/\/secod.com\/\",\"name\":\"Secod assessors\",\"description\":\"\",\"potentialAction\":[{\"@type\":\"SearchAction\",\"target\":{\"@type\":\"EntryPoint\",\"urlTemplate\":\"https:\/\/secod.com\/?s={search_term_string}\"},\"query-input\":\"required name=search_term_string\"}],\"inLanguage\":\"en-US\"}]}<\/script>\n<!-- \/ Yoast SEO plugin. -->","yoast_head_json":{"title":"Aviso Legal - Secod assessors","robots":{"index":"index","follow":"follow","max-snippet":"max-snippet:-1","max-image-preview":"max-image-preview:large","max-video-preview":"max-video-preview:-1"},"canonical":"https:\/\/secod.com\/aviso-legal","og_locale":"en_US","og_type":"article","og_title":"Aviso Legal - Secod assessors","og_url":"https:\/\/secod.com\/aviso-legal","og_site_name":"Secod assessors","article_modified_time":"2024-02-13T09:22:23+00:00","twitter_card":"summary_large_image","twitter_misc":{"Est. reading time":"5 minutes"},"schema":{"@context":"https:\/\/schema.org","@graph":[{"@type":"WebPage","@id":"https:\/\/secod.com\/aviso-legal","url":"https:\/\/secod.com\/aviso-legal","name":"Aviso Legal - Secod assessors","isPartOf":{"@id":"https:\/\/secod.com\/#website"},"datePublished":"2022-12-28T13:14:46+00:00","dateModified":"2024-02-13T09:22:23+00:00","breadcrumb":{"@id":"https:\/\/secod.com\/aviso-legal#breadcrumb"},"inLanguage":"en-US","potentialAction":[{"@type":"ReadAction","target":["https:\/\/secod.com\/aviso-legal"]}]},{"@type":"BreadcrumbList","@id":"https:\/\/secod.com\/aviso-legal#breadcrumb","itemListElement":[{"@type":"ListItem","position":1,"name":"Portada","item":"https:\/\/secod.com\/en"},{"@type":"ListItem","position":2,"name":"Aviso Legal"}]},{"@type":"WebSite","@id":"https:\/\/secod.com\/#website","url":"https:\/\/secod.com\/","name":"Secod assessors","description":"","potentialAction":[{"@type":"SearchAction","target":{"@type":"EntryPoint","urlTemplate":"https:\/\/secod.com\/?s={search_term_string}"},"query-input":"required name=search_term_string"}],"inLanguage":"en-US"}]}},"_links":{"self":[{"href":"https:\/\/secod.com\/en\/wp-json\/wp\/v2\/pages\/954"}],"collection":[{"href":"https:\/\/secod.com\/en\/wp-json\/wp\/v2\/pages"}],"about":[{"href":"https:\/\/secod.com\/en\/wp-json\/wp\/v2\/types\/page"}],"author":[{"embeddable":true,"href":"https:\/\/secod.com\/en\/wp-json\/wp\/v2\/users\/1"}],"replies":[{"embeddable":true,"href":"https:\/\/secod.com\/en\/wp-json\/wp\/v2\/comments?post=954"}],"version-history":[{"count":11,"href":"https:\/\/secod.com\/en\/wp-json\/wp\/v2\/pages\/954\/revisions"}],"predecessor-version":[{"id":1311,"href":"https:\/\/secod.com\/en\/wp-json\/wp\/v2\/pages\/954\/revisions\/1311"}],"wp:attachment":[{"href":"https:\/\/secod.com\/en\/wp-json\/wp\/v2\/media?parent=954"}],"curies":[{"name":"wp","href":"https:\/\/api.w.org\/{rel}","templated":true}]}}