{"id":969,"date":"2022-12-28T13:28:31","date_gmt":"2022-12-28T13:28:31","guid":{"rendered":"http:\/\/secod.com\/?page_id=969"},"modified":"2024-02-12T08:44:26","modified_gmt":"2024-02-12T08:44:26","slug":"politica-de-cookies","status":"publish","type":"page","link":"https:\/\/secod.com\/ca\/politica-de-cookies","title":{"rendered":"Pol\u00edtica de cookies"},"content":{"rendered":"<div class=\"fusion-fullwidth fullwidth-box fusion-builder-row-1 fusion-flex-container nonhundred-percent-fullwidth non-hundred-percent-height-scrolling\" style=\"--awb-border-radius-top-left:0px;--awb-border-radius-top-right:0px;--awb-border-radius-bottom-right:0px;--awb-border-radius-bottom-left:0px;\" ><div class=\"fusion-builder-row fusion-row fusion-flex-align-items-flex-start\" style=\"max-width:1216.8px;margin-left: calc(-4% \/ 2 );margin-right: calc(-4% \/ 2 );\"><div class=\"fusion-layout-column fusion_builder_column fusion-builder-column-0 fusion_builder_column_1_1 1_1 fusion-flex-column\" style=\"--awb-bg-size:cover;--awb-width-large:100%;--awb-margin-top-large:0px;--awb-spacing-right-large:1.92%;--awb-margin-bottom-large:0px;--awb-spacing-left-large:1.92%;--awb-width-medium:100%;--awb-spacing-right-medium:1.92%;--awb-spacing-left-medium:1.92%;--awb-width-small:100%;--awb-spacing-right-small:1.92%;--awb-spacing-left-small:1.92%;\"><div class=\"fusion-column-wrapper fusion-flex-justify-content-flex-start fusion-content-layout-column\"><div class=\"fusion-text fusion-text-1\"><h1><strong>Pol\u00edtica de cookies i emmagatzematge local <\/strong><\/h1>\n<p>Aquest lloc web fa servir cookies i tecnologies similars per proporcionar el servei, aix\u00ed com permetre millorar-lo, a trav\u00e9s de l&#8217;obtenci\u00f3 d&#8217;estad\u00edstiques sobre el seu \u00fas, i altres finalitats.<br \/>Navegar per aquesta web implica necess\u00e0riament la utilitzaci\u00f3 de cookies i tecnologies similars sempre que sigui necessari pel seu funcionament. Aix\u00ed mateix, per a certes finalitats, les cookies i l&#8217;emmagatzematge local estaran subjectes al seu previ consentiment. Pot acceptar o rebutjar les cookies mitjan\u00e7ant el sistema de configuraci\u00f3 establert i tamb\u00e9 \u00e9s possible configurar el navegador per a impedir el seu \u00fas.<br \/>Aquesta pol\u00edtica forma part de la nostra pol\u00edtica de privacitat i inclou el seg\u00fcent:<br \/>\u2022 Qu\u00e8 s\u00f3n les cookies?<br \/>\u2022 Per a qu\u00e8 es fan servir les cookies?<br \/>\u2022 Qu\u00e8 entenem per tecnologies similars a les cookies?<br \/>\u2022 Qu\u00e8 s\u00f3n les cookies de tercers? Quins s\u00f3n els destinataris de la informaci\u00f3?<br \/>\u2022 Quines funcions i caracter\u00edstiques de tercers utilitzem en el nostre lloc web?<br \/>\u2022 Durant quant temps es mantenen actives les cookies o tecnologies similars?<br \/>\u2022 \u00das de navegadors amb manera de navegaci\u00f3 privada<br \/>\u2022 Com impedir l&#8217;\u00fas de cookies i com esborrar-les?<br \/>\u2022 Informaci\u00f3 detallada sobre les cookies utilitzades en el nostre lloc web<\/p>\n<p>\u00a0<\/p>\n<h2><strong>Qu\u00e8 s\u00f3n les cookies?<\/strong><\/h2>\n<p>Les \u201ccookies\u201d s\u00f3n petits fitxers temporals que es creen en el dispositiu de l&#8217;usuari (ordinador, tel\u00e8fon, tauleta, etc.) quan visita una web, i que permeten a la mateixa emmagatzemar o recuperar informaci\u00f3 quan navega, per exemple, per a guardar les seves prefer\u00e8ncies d&#8217;\u00fas o per a recon\u00e8ixer-lo en posteriors visites, aix\u00ed com obtenir informaci\u00f3 sobre els seus h\u00e0bits de navegaci\u00f3.<br \/>Quan una web crea una cookie en el dispositiu de l&#8217;usuari, s&#8217;emmagatzema l&#8217;adre\u00e7a\/domini de la web que ha creat la cookie, la durada de la cookie que pot anar d&#8217;escassos minuts a diversos anys, aix\u00ed com el contingut de la cookie. L&#8217;usuari pot desactivar les cookies en tot moment mitjan\u00e7ant el sistema de configuraci\u00f3 d&#8217;aquest lloc web, aix\u00ed com configurar el seu programa de navegaci\u00f3 per a impedir (bloquejar) l&#8217;\u00fas de cookies per part de determinades webs, aix\u00ed com esborrar les cookies emmagatzemades pr\u00e8viament.<\/p>\n<p>\u00a0<\/p>\n<h2><strong>Per a qu\u00e8 es fan servir les cookies?<\/strong><\/h2>\n<p>Els usos o finalitats m\u00e9s habituals s\u00f3n:<br \/>\u2022 Cookies t\u00e8cniques essencials. S&#8217;utilitzen per a gestionar el flux de navegaci\u00f3 dins de la web o per a mantenir a l&#8217;usuari connectat a aquesta. En desactivar-les, \u00e9s possible que algun apartat de la web no funcioni correctament.<br \/>\u2022 Cookies de personalitzaci\u00f3. Necess\u00e0ries per a recordar determinades prefer\u00e8ncies de l&#8217;usuari.<br \/>\u2022 Cookies anal\u00edtiques. Ens ajuden a nosaltres i a tercers a recopilar informaci\u00f3 de la proced\u00e8ncia dels usuaris i la seva navegaci\u00f3 dins de la web, a l&#8217;efecte de realitzar una an\u00e0lisi estad\u00edstica per a poder millorar l&#8217;estructura i els continguts.<br \/>\u2022 Cookies publicit\u00e0ries. Utilitzades per a gestionar els anuncis que apareixen en la web, decidir el contingut o la freq\u00fc\u00e8ncia dels anuncis.<br \/>\u2022 Cookies publicit\u00e0ries comportamentals. Ajuden a recopilar els h\u00e0bits de navegaci\u00f3 de l&#8217;usuari per a crear un perfil dels seus interessos i per a mostrar-li anuncis adaptats a aquests<br \/>\u2022 Cookies per a compartici\u00f3 social. S\u00f3n necess\u00e0ries per a identificar a l&#8217;usuari en les seves xarxes socials i aix\u00ed permetre-li compartir continguts.<\/p>\n<p>\u00a0<\/p>\n<h2><strong>Qu\u00e8 entenem per tecnologies similars a les cookies?<\/strong><\/h2>\n<p>S&#8217;ent\u00e9n per tecnologies similars qualsevol tipus de mecanisme d&#8217;emmagatzematge i recuperaci\u00f3 de dades que s\u2019utilitzi en el dispositiu de l&#8217;usuari per a obtenir informaci\u00f3. Entre elles trobem l&#8217;emmagatzematge local, ent\u00e8s com qualsevol fitxer creat per la web en el dispositiu de navegaci\u00f3, aix\u00ed com uns altres. Les cookies s\u00f3n una forma d&#8217;emmagatzematge local, per\u00f2 existeixen unes altres, per exemple:<br \/>\u2022 L&#8217;emmagatzematge local del navegador. Algunes webs utilitzen emmagatzematges locals anomenats &#8220;sessionStorage&#8221; i &#8220;localStorage&#8221;, aix\u00ed com la base de dades indexada del navegador per a guardar informaci\u00f3;<br \/>\u2022 L&#8217;emmagatzematge local dels complements del navegador com per exemple l&#8217;emmagatzematge local de Flash (\u201cFlash Local Shared Objects\u201d) o l&#8217;emmagatzematge local de Silverlight (\u201cIsolated Objects\u201d).<br \/>\u2022 El &#8220;web beacon&#8221; \u00e9s una t\u00e8cnica de rastreig que consisteix a inserir en una p\u00e0gina web (o en un correu electr\u00f2nic) una imatge allotjada en un servidor d&#8217;Internet de manera que, quan el navegador o programa de correu es connecta a aquest servidor per descarregar i visualitzar la imatge, la connexi\u00f3 queda registrada. Aix\u00f2 permet con\u00e8ixer que l&#8217;usuari ha visualitzat la p\u00e0gina web o el correu. De vegades aquesta imatge \u00e9s molt petita o transparent de manera que l&#8217;usuari no s&#8217;adona de la seva exist\u00e8ncia.<br \/>\u2022 Les t\u00e8cniques de &#8220;fingerprinting&#8221; que combinen informaci\u00f3 obtinguda del navegador o de l&#8217;equip de navegaci\u00f3 per distingir a un usuari en les seves successives visites diferents llocs web.<\/p>\n<p>\u00a0<\/p>\n<h2><strong>Qu\u00e8 s\u00f3n les cookies de tercers? Quins s\u00f3n els destinataris de la informaci\u00f3?<\/strong><\/h2>\n<p>En relaci\u00f3 a la tipologia de cookies que utilitzem als nostres serveis, podem diferenciar en funci\u00f3 de qui les gestiona:<br \/>\u2022 Cookies pr\u00f2pies: s&#8217;envien al navegador des dels nostres llocs i dominis web, sent la informaci\u00f3 obtinguda gestionada directa o indirectament per nosaltres sobre la base de les nostres pr\u00f2pies finalitats.<br \/>\u2022 Cookies de tercers: s\u00f3n les que es creen i es manegen des d&#8217;altres llocs web que, tot i que no estan completament sota el nostre control, proporcionen funcions i caracter\u00edstiques que hem decidit incloure al nostre web, com per exemple: mapes interactius, v\u00eddeos i elements multim\u00e8dia, botons per compartir en xarxes socials, anuncis, etc. Aquestes cookies estan sota el control del tercer que proporciona la funci\u00f3 corresponent.<br \/>La gran majoria de les funcions de tercers impliquen l&#8217;acc\u00e9s o recopilaci\u00f3 d&#8217;informaci\u00f3 (i l&#8217;\u00fas de galetes) per part del tercer que proporciona la funci\u00f3, en base als seus propis criteris i finalitats, incloent-hi la recopilaci\u00f3 sobre els h\u00e0bits de navegaci\u00f3 per mostrar publicitat personalitzada. En el seg\u00fcent apartat s&#8217;indiquen les funcions i caracter\u00edstiques de tercers utilitzades en aquesta p\u00e0gina web.<\/p>\n<p>\u00a0<\/p>\n<h2><strong>Quines funcions i caracter\u00edstiques de tercers utilitzem en el nostre lloc web?<\/strong><\/h2>\n<p>A continuaci\u00f3, es proporciona una taula on es resumeixen les funcions i caracter\u00edstiques prove\u00efdes per tercers en la nostra p\u00e0gina web que impliquen la utilitzaci\u00f3 de cookies.<\/p>\n<table width=\"100%\">\n<tbody>\n<tr>\n<td width=\"142\"><strong>Funci\u00f3 o caracter\u00edstica<\/strong><\/td>\n<td width=\"122\"><strong>Tercer prove\u00efdor de la funci\u00f3 o caracter\u00edstica<\/strong><\/td>\n<td width=\"132\"><strong>Implica la transfer\u00e8ncia internacional de dades<\/strong><\/td>\n<td width=\"170\"><strong>Pol\u00edtica de privacitat i garanties del tercer prove\u00efdor<\/strong><\/td>\n<\/tr>\n<tr>\n<td width=\"142\">__Secure-3PSIDCC<\/td>\n<td width=\"122\">Google, Inc<\/td>\n<td width=\"132\">S\u00ed<\/td>\n<td width=\"170\">1 any<\/td>\n<\/tr>\n<tr>\n<td width=\"142\">__Secure-1PSIDCC<\/td>\n<td width=\"122\">Google, Inc<\/td>\n<td width=\"132\">S\u00ed<\/td>\n<td width=\"170\">1 any<\/td>\n<\/tr>\n<tr>\n<td width=\"142\">SIDCC<\/td>\n<td width=\"122\">Google, Inc<\/td>\n<td width=\"132\">S\u00ed<\/td>\n<td width=\"170\">1 any<\/td>\n<\/tr>\n<tr>\n<td width=\"142\">_GRECAPTCHA<\/td>\n<td width=\"122\">Google, Inc<\/td>\n<td width=\"132\">S\u00ed<\/td>\n<td width=\"170\">6 mesos<\/td>\n<\/tr>\n<tr>\n<td width=\"142\">DV<\/td>\n<td width=\"122\">Google, Inc<\/td>\n<td width=\"132\">S\u00ed<\/td>\n<td width=\"170\">1 dia<\/td>\n<\/tr>\n<\/tbody>\n<\/table>\n<p>\u00a0<\/p>\n<h2><strong>Durant quant temps es mantenen actives les cookies o tecnologies similars?<\/strong><\/h2>\n<p>En funci\u00f3 de la seva perman\u00e8ncia o temps d&#8217;activitat, podem diferenciar entre:<br \/>\u2022 Cookies temporals de sessi\u00f3; romanen emmagatzemades en l&#8217;equip de navegaci\u00f3 fins que l&#8217;usuari abandona la p\u00e0gina web; el navegador les esborra a l&#8217;acabar la sessi\u00f3 de navegaci\u00f3.<br \/>\u2022 Cookies persistents; romanen en l&#8217;equip de navegaci\u00f3 i la web les llegeix cada vegada que l&#8217;usuari realitza una nova visita. Aquestes galetes s&#8217;esborren autom\u00e0ticament passat cert termini de temps, que pot ser curt o molt llarg.<br \/>En aquesta pol\u00edtica s&#8217;inclou informaci\u00f3 sobre la durada de les cookies; per a m\u00e9s informaci\u00f3, consulti la nostra pol\u00edtica de privacitat, aix\u00ed com la informaci\u00f3 proporcionada en les pol\u00edtiques de privacitat dels tercers prove\u00efdors de funcions web.<\/p>\n<p>\u00a0<\/p>\n<h2><strong>\u00das de navegadors amb mode de navegaci\u00f3 privada<\/strong><\/h2>\n<p>Si desitges usar aquesta web amb major grau de privacitat i limitant que les cookies quedin emmagatzemades per terminis llargs de temps, et recomanem que utilitzis un navegador web que disposi d&#8217;una opci\u00f3 de navegaci\u00f3 \u201cprivada\u201d. Pots obtenir informaci\u00f3 sobre aquesta possibilitat en les p\u00e0gines d&#8217;ajuda dels navegadors m\u00e9s habituals:<\/p>\n<table style=\"height: 559px;\" width=\"667\">\n<tbody>\n<tr>\n<td><strong>Navegador<\/strong><\/td>\n<td><strong>Nom de la funci\u00f3 de navegaci\u00f3 privada<\/strong><\/td>\n<td><strong>Obtenir m\u00e9s informaci\u00f3<\/strong><\/td>\n<\/tr>\n<tr>\n<td>\n<p>Internet Explorer 8 i superior<\/p>\n<p>Microsoft Edge<\/p>\n<\/td>\n<td width=\"113\">InPrivate<\/td>\n<td width=\"350\">\n<p>https:\/\/support.microsoft.com\/es-es\/products\/internet-explorer (Explorer)<\/p>\n<p>https:\/\/support.microsoft.com\/es-es\/instantanswers\/34b9a3a6-68bc-510b-2a9e-833107495ee5\/browse-inprivate-in-microsoft-edge (Microsoft Edge)<\/p>\n<\/td>\n<\/tr>\n<tr>\n<td>Safari 2 i superior<\/td>\n<td>Navegaci\u00f3 privada<\/td>\n<td>https:\/\/support.apple.com\/es-es\/HT203036<\/td>\n<\/tr>\n<tr>\n<td>Opera 10.5 i superior<\/td>\n<td>Navegaci\u00f3 privada<\/td>\n<td>http:\/\/help.opera.com\/Windows\/12.00\/es-ES\/private.html<\/td>\n<\/tr>\n<tr>\n<td width=\"104\">FireFox 3.5 i superior<\/td>\n<td width=\"113\">Navegaci\u00f3 privada<\/td>\n<td width=\"350\">https:\/\/support.mozilla.org\/es\/kb\/navegacion-privada-Firefox-no-guardar-historial-navegacion<\/td>\n<\/tr>\n<tr>\n<td>Google Chrome 10 i superior<\/td>\n<td>Mode inc\u00f2gnit<\/td>\n<td>https:\/\/support.google.com\/chrome\/answer\/7005900?rd=1<\/td>\n<\/tr>\n<\/tbody>\n<\/table>\n<p>\u00a0<\/p>\n<h2><strong>Com impedir l\u2019\u00fas de les cookies i com esborrar-les?<\/strong><\/h2>\n<p>Pot configurar les seves prefer\u00e8ncies en qualsevol moment mitjan\u00e7ant el sistema de configuraci\u00f3 de cookies integrat en aquest lloc web, podr\u00e0 activar \/ desactivar l&#8217;\u00fas de cookies segons les seves finalitats.<br \/>Pot accedir al sistema de configuraci\u00f3 mitjan\u00e7ant l\u2019enlla\u00e7 a peu de p\u00e0gina d\u2019inici o prement aqu\u00ed.<br \/>La majoria de navegadors permeten desactivar globalment les cookies. Molts navegadors tamb\u00e9 permeten esborrar les cookies associades a webs\/dominis concrets. Per a aix\u00f2 l&#8217;usuari ha de consultar l&#8217;ajuda del seu navegador. A continuaci\u00f3, s&#8217;inclouen enlla\u00e7os a les p\u00e0gines d&#8217;ajuda dels navegadors m\u00e9s habituals per a con\u00e8ixer la configuraci\u00f3 de cookies en cadascun:<br \/>\u2022 Chrome: https:\/\/support.google.com\/chrome\/answer\/95647?hl=es<br \/>\u2022 Explorer: https:\/\/support.microsoft.com\/es-es\/help\/17442\/windows-internet-explorer-delete-manage-cookies<br \/>\u2022 Microsoft Edge: https:\/\/privacy.microsoft.com\/es-ES\/windows-10-microsoft-edge-and-privacy<br \/>\u2022 Firefox: https:\/\/support.mozilla.org\/es\/kb\/habilitar-y-deshabilitar-cookies-sitios-web-rastrear-preferencias<br \/>\u2022 Safari: https:\/\/support.apple.com\/kb\/PH17191?viewlocale=es_ES&amp;locale=es_ES<br \/>\u2022 Safari for IOS: https:\/\/support.apple.com\/es-es\/HT201265<br \/>\u2022 Opera: http:\/\/www.opera.com\/es\/help<br \/>Per a esborrar les dades guardades en l&#8217;emmagatzematge local del navegador, l&#8217;usuari pot esborrar l&#8217;historial de navegaci\u00f3.<br \/>Per a altres navegadors aix\u00ed com per a qualsevol aclariment o pregunta sobre les cookies d&#8217;aquesta web, pot contactar-nos per correu electr\u00f2nic, escrivint a info@secod.com<br \/>Av\u00eds important: en cas de bloquejar les cookies \u00e9s possible que determinats serveis o funcionalitats de la web no funcionin correctament.<\/p>\n<p>\u00a0<\/p>\n<h2><strong>Informaci\u00f3 detallada sobre les cookies utilitzades per aquest lloc web<\/strong><\/h2>\n<p>Informaci\u00f3 sobre les cookies pr\u00f2pies:<\/p>\n<table width=\"100%\">\n<tbody>\n<tr>\n<td width=\"113\"><strong>Funci\u00f3 o caracter\u00edstica<\/strong><\/td>\n<td width=\"113\"><strong>Cookies i tecnologies emprades<\/strong><\/td>\n<td width=\"113\"><strong>Domini web<\/strong><\/td>\n<td width=\"113\"><strong>Duraci\u00f3 de la informaci\u00f3 emmagatzemada<\/strong><\/td>\n<td width=\"113\"><strong>Tipus de finalitat<\/strong><\/td>\n<\/tr>\n<tr>\n<td width=\"113\">Desar les prefer\u00e8ncies d&#8217;idioma de l&#8217;usuari<\/td>\n<td width=\"113\">wp-wpml_current_language<\/td>\n<td width=\"113\">www.secod.com<\/td>\n<td width=\"113\">1 dia<\/td>\n<td width=\"113\">Cookies t\u00e8cniques essencials<\/td>\n<\/tr>\n<tr>\n<td width=\"113\">Cookies necess\u00e0ries per recordar determinades prefer\u00e8ncies de l&#8217;usuari<\/td>\n<td width=\"113\">cookieyes-consent<\/td>\n<td width=\"113\">www.secod.com<\/td>\n<td width=\"113\">1 any<\/td>\n<td width=\"113\">Cookies t\u00e8cniques essencials<\/td>\n<\/tr>\n<\/tbody>\n<\/table>\n<p>\u00a0<\/p>\n<p>Informaci\u00f3 sobre les cookies de tercers:<\/p>\n<table width=\"100%\">\n<tbody>\n<tr>\n<td width=\"113\"><strong>Funci\u00f3 o caracter\u00edstica (i qui la proporciona)<\/strong><\/td>\n<td width=\"113\"><strong>Funci\u00f3 o caracter\u00edstica<\/strong><\/td>\n<td width=\"113\"><strong>Funci\u00f3 o caracter\u00edstica<\/strong><\/td>\n<td width=\"113\"><strong>Funci\u00f3 o caracter\u00edstica<\/strong><\/td>\n<td width=\"113\"><strong>Funci\u00f3 o caracter\u00edstica<\/strong><\/td>\n<\/tr>\n<tr>\n<td width=\"113\">Utilitzaci\u00f3 de les opcions i serveis del lloc web (Google, Inc.)<\/td>\n<td width=\"113\">\n<p>\u00a0(__Secure-3PSIDCC,<\/p>\n<p>__Secure-1-PSIDCC)<\/p>\n<p>(Emmagatzematge local del navegador)<\/p>\n<\/td>\n<td width=\"113\">www.google.es<\/td>\n<td width=\"113\">1 any<\/td>\n<td width=\"113\">Cookies t\u00e8cniques essencials<\/td>\n<\/tr>\n<tr>\n<td width=\"113\">Cookie de seguretat per facilitar la identificaci\u00f3 i la seguretat del tr\u00e0nsit web.<\/td>\n<td width=\"113\">\n<p>SIDCC<\/p>\n<p>(Emmagatzematge local del navegador)<\/p>\n<\/td>\n<td width=\"113\">www.google.es<\/td>\n<td width=\"113\">1 any<\/td>\n<td width=\"113\">Cookies t\u00e8cniques essencials<\/td>\n<\/tr>\n<tr>\n<td width=\"113\">Proporcionar protecci\u00f3 contra el correu brossa<\/td>\n<td width=\"113\">\n<p>_Grecaptcha<\/p>\n<p>(Emmagatzematge local del navegador)<\/p>\n<\/td>\n<td width=\"113\">www.google.es<\/td>\n<td width=\"113\">6 mesos<\/td>\n<td width=\"113\">Cookies t\u00e8cniques essencials<\/td>\n<\/tr>\n<tr>\n<td width=\"113\">Per proporcionar lliurament d&#8217;anuncis o retargeting<\/td>\n<td width=\"113\">\n<p>DV<\/p>\n<p>(Emmagatzematge local del navegador)<\/p>\n<\/td>\n<td width=\"113\">www.google.es<\/td>\n<td width=\"113\">1 dia<\/td>\n<td width=\"113\">Cookie publicit\u00e0ria<\/td>\n<\/tr>\n<\/tbody>\n<\/table>\n<p>\u00a0<\/p>\n<p>NOTA: la informaci\u00f3 oferta \u00e9s a data 01-02-2024 i l&#8217;informem que amb el pas del temps pot no resultar exhaustiva, a pesar que peri\u00f2dicament la present pol\u00edtica de cookies \u00e9s revisada.<\/p>\n<\/div><\/div><\/div><\/div><\/div>\n","protected":false},"excerpt":{"rendered":"","protected":false},"author":1,"featured_media":0,"parent":0,"menu_order":0,"comment_status":"closed","ping_status":"open","template":"","meta":[],"yoast_head":"<!-- This site is optimized with the Yoast SEO plugin v19.13 - https:\/\/yoast.com\/wordpress\/plugins\/seo\/ -->\n<title>Pol\u00edtica de cookies - Secod assessors<\/title>\n<meta name=\"robots\" content=\"index, follow, max-snippet:-1, max-image-preview:large, max-video-preview:-1\" \/>\n<link rel=\"canonical\" href=\"https:\/\/secod.com\/politica-de-cookies\" \/>\n<meta property=\"og:locale\" content=\"ca_ES\" \/>\n<meta property=\"og:type\" content=\"article\" \/>\n<meta property=\"og:title\" content=\"Pol\u00edtica de cookies - Secod assessors\" \/>\n<meta property=\"og:url\" content=\"https:\/\/secod.com\/politica-de-cookies\" \/>\n<meta property=\"og:site_name\" content=\"Secod assessors\" \/>\n<meta property=\"article:modified_time\" content=\"2024-02-12T08:44:26+00:00\" \/>\n<meta name=\"twitter:card\" content=\"summary_large_image\" \/>\n<meta name=\"twitter:label1\" content=\"Temps estimat de lectura\" \/>\n\t<meta name=\"twitter:data1\" content=\"10 minuts\" \/>\n<script type=\"application\/ld+json\" class=\"yoast-schema-graph\">{\"@context\":\"https:\/\/schema.org\",\"@graph\":[{\"@type\":\"WebPage\",\"@id\":\"https:\/\/secod.com\/politica-de-cookies\",\"url\":\"https:\/\/secod.com\/politica-de-cookies\",\"name\":\"Pol\u00edtica de cookies - Secod assessors\",\"isPartOf\":{\"@id\":\"https:\/\/secod.com\/#website\"},\"datePublished\":\"2022-12-28T13:28:31+00:00\",\"dateModified\":\"2024-02-12T08:44:26+00:00\",\"breadcrumb\":{\"@id\":\"https:\/\/secod.com\/politica-de-cookies#breadcrumb\"},\"inLanguage\":\"ca\",\"potentialAction\":[{\"@type\":\"ReadAction\",\"target\":[\"https:\/\/secod.com\/politica-de-cookies\"]}]},{\"@type\":\"BreadcrumbList\",\"@id\":\"https:\/\/secod.com\/politica-de-cookies#breadcrumb\",\"itemListElement\":[{\"@type\":\"ListItem\",\"position\":1,\"name\":\"Portada\",\"item\":\"https:\/\/secod.com\/ca\"},{\"@type\":\"ListItem\",\"position\":2,\"name\":\"Pol\u00edtica de cookies\"}]},{\"@type\":\"WebSite\",\"@id\":\"https:\/\/secod.com\/#website\",\"url\":\"https:\/\/secod.com\/\",\"name\":\"Secod assessors\",\"description\":\"\",\"potentialAction\":[{\"@type\":\"SearchAction\",\"target\":{\"@type\":\"EntryPoint\",\"urlTemplate\":\"https:\/\/secod.com\/?s={search_term_string}\"},\"query-input\":\"required name=search_term_string\"}],\"inLanguage\":\"ca\"}]}<\/script>\n<!-- \/ Yoast SEO plugin. -->","yoast_head_json":{"title":"Pol\u00edtica de cookies - Secod assessors","robots":{"index":"index","follow":"follow","max-snippet":"max-snippet:-1","max-image-preview":"max-image-preview:large","max-video-preview":"max-video-preview:-1"},"canonical":"https:\/\/secod.com\/politica-de-cookies","og_locale":"ca_ES","og_type":"article","og_title":"Pol\u00edtica de cookies - Secod assessors","og_url":"https:\/\/secod.com\/politica-de-cookies","og_site_name":"Secod assessors","article_modified_time":"2024-02-12T08:44:26+00:00","twitter_card":"summary_large_image","twitter_misc":{"Temps estimat de lectura":"10 minuts"},"schema":{"@context":"https:\/\/schema.org","@graph":[{"@type":"WebPage","@id":"https:\/\/secod.com\/politica-de-cookies","url":"https:\/\/secod.com\/politica-de-cookies","name":"Pol\u00edtica de cookies - Secod assessors","isPartOf":{"@id":"https:\/\/secod.com\/#website"},"datePublished":"2022-12-28T13:28:31+00:00","dateModified":"2024-02-12T08:44:26+00:00","breadcrumb":{"@id":"https:\/\/secod.com\/politica-de-cookies#breadcrumb"},"inLanguage":"ca","potentialAction":[{"@type":"ReadAction","target":["https:\/\/secod.com\/politica-de-cookies"]}]},{"@type":"BreadcrumbList","@id":"https:\/\/secod.com\/politica-de-cookies#breadcrumb","itemListElement":[{"@type":"ListItem","position":1,"name":"Portada","item":"https:\/\/secod.com\/ca"},{"@type":"ListItem","position":2,"name":"Pol\u00edtica de cookies"}]},{"@type":"WebSite","@id":"https:\/\/secod.com\/#website","url":"https:\/\/secod.com\/","name":"Secod assessors","description":"","potentialAction":[{"@type":"SearchAction","target":{"@type":"EntryPoint","urlTemplate":"https:\/\/secod.com\/?s={search_term_string}"},"query-input":"required name=search_term_string"}],"inLanguage":"ca"}]}},"_links":{"self":[{"href":"https:\/\/secod.com\/ca\/wp-json\/wp\/v2\/pages\/969"}],"collection":[{"href":"https:\/\/secod.com\/ca\/wp-json\/wp\/v2\/pages"}],"about":[{"href":"https:\/\/secod.com\/ca\/wp-json\/wp\/v2\/types\/page"}],"author":[{"embeddable":true,"href":"https:\/\/secod.com\/ca\/wp-json\/wp\/v2\/users\/1"}],"replies":[{"embeddable":true,"href":"https:\/\/secod.com\/ca\/wp-json\/wp\/v2\/comments?post=969"}],"version-history":[{"count":12,"href":"https:\/\/secod.com\/ca\/wp-json\/wp\/v2\/pages\/969\/revisions"}],"predecessor-version":[{"id":1286,"href":"https:\/\/secod.com\/ca\/wp-json\/wp\/v2\/pages\/969\/revisions\/1286"}],"wp:attachment":[{"href":"https:\/\/secod.com\/ca\/wp-json\/wp\/v2\/media?parent=969"}],"curies":[{"name":"wp","href":"https:\/\/api.w.org\/{rel}","templated":true}]}}